{"id":323,"date":"2025-01-18T16:15:08","date_gmt":"2025-01-18T16:15:08","guid":{"rendered":"https:\/\/jfsaravia.com\/about\/"},"modified":"2025-10-15T03:06:57","modified_gmt":"2025-10-15T03:06:57","slug":"about","status":"publish","type":"page","link":"https:\/\/jfsaravia.com\/en\/about\/","title":{"rendered":"About us"},"content":{"rendered":"<div data-elementor-type=\"wp-page\" data-elementor-id=\"323\" class=\"elementor elementor-323\" data-elementor-post-type=\"page\">\n\t\t\t\t<div class=\"elementor-element elementor-element-6d4cea86 e-flex e-con-boxed e-con e-parent\" data-id=\"6d4cea86\" data-element_type=\"container\" data-e-type=\"container\">\n\t\t\t\t\t<div class=\"e-con-inner\">\n\t\t<div class=\"elementor-element elementor-element-113746c4 e-con-full e-flex e-con e-child\" data-id=\"113746c4\" data-element_type=\"container\" data-e-type=\"container\">\n\t\t\t\t<div class=\"elementor-element elementor-element-778d883 elementor-widget elementor-widget-heading\" data-id=\"778d883\" data-element_type=\"widget\" data-e-type=\"widget\" data-widget_type=\"heading.default\">\n\t\t\t\t<div class=\"elementor-widget-container\">\n\t\t\t\t\t<h2 class=\"elementor-heading-title elementor-size-default\">About us<\/h2>\t\t\t\t<\/div>\n\t\t\t\t<\/div>\n\t\t\t\t<div class=\"elementor-element elementor-element-7e9dfecf elementor-widget elementor-widget-text-editor\" data-id=\"7e9dfecf\" data-element_type=\"widget\" data-e-type=\"widget\" data-widget_type=\"text-editor.default\">\n\t\t\t\t<div class=\"elementor-widget-container\">\n\t\t\t\t\t\t\t\t\t<p>J.F. Saravia &amp; Co. S.A., fue fundada en 1952 por Jos\u00e9 Francisco Saravia Prado en San Jos\u00e9, Costa Rica, iniciando con representaciones de los Estados Unidos cosa que se ampli\u00f3 en los a\u00f1os venideros hasta la fecha, agregando varias prestigiosas firmas las cuales ofrecen maquinarias para la industria lechera (helados, quesos, etc.) as\u00ed como materias primas para la industria en general, \u00a0material de empaque e industrial, cosm\u00e9tico y farmac\u00e9utico. As\u00ed como la expansi\u00f3n a toda Centroam\u00e9rica, Sur Am\u00e9rica y el Caribe.<\/p><p>A la fecha, J.F. Saravia todav\u00eda mantiene los clientes con que inici\u00f3 en 1952 m\u00e1s una amplia cartera local e internacional, la cual incluye renombradas marcas conocidas a nivel mundial, \u00a0brindando siempre un excelente servicio personalizado y la mejor calidad al producto final.<\/p><p dir=\"auto\">That is why we are very proud to know that, apart from being clients, they are also friends to whom we owe our success over all these years. We greatly appreciate the term \u2018business partners\u2019 from their side, so if your company has a project or requires any improvement in its production line, J.F. Saravia definitely has your solution.<\/p>\t\t\t\t\t\t\t\t<\/div>\n\t\t\t\t<\/div>\n\t\t\t\t<div class=\"elementor-element elementor-element-42d76a6a elementor-widget elementor-widget-button\" data-id=\"42d76a6a\" data-element_type=\"widget\" data-e-type=\"widget\" data-widget_type=\"button.default\">\n\t\t\t\t<div class=\"elementor-widget-container\">\n\t\t\t\t\t\t\t\t\t<div class=\"elementor-button-wrapper\">\n\t\t\t\t\t<a class=\"elementor-button elementor-button-link elementor-size-sm elementor-animation-grow\" href=\"https:\/\/jfsaravia.com\/en\/contact\/\">\n\t\t\t\t\t\t<span class=\"elementor-button-content-wrapper\">\n\t\t\t\t\t\t\t\t\t<span class=\"elementor-button-text\">Contact Us<\/span>\n\t\t\t\t\t<\/span>\n\t\t\t\t\t<\/a>\n\t\t\t\t<\/div>\n\t\t\t\t\t\t\t\t<\/div>\n\t\t\t\t<\/div>\n\t\t\t\t<\/div>\n\t\t<div class=\"elementor-element elementor-element-281827d e-flex e-con-boxed e-con e-child\" data-id=\"281827d\" data-element_type=\"container\" data-e-type=\"container\">\n\t\t\t\t\t<div class=\"e-con-inner\">\n\t\t\t\t<div class=\"elementor-element elementor-element-397c6fc7 elementor-widget elementor-widget-image\" data-id=\"397c6fc7\" data-element_type=\"widget\" data-e-type=\"widget\" data-widget_type=\"image.default\">\n\t\t\t\t<div class=\"elementor-widget-container\">\n\t\t\t\t\t\t\t\t\t\t\t\t<figure class=\"wp-caption\">\n\t\t\t\t\t\t\t\t\t\t<img fetchpriority=\"high\" decoding=\"async\" width=\"640\" height=\"480\" src=\"https:\/\/jfsaravia.com\/wp-content\/uploads\/2025\/01\/foto-historia.png\" class=\"attachment-full size-full wp-image-475\" alt=\"\" srcset=\"https:\/\/jfsaravia.com\/wp-content\/uploads\/2025\/01\/foto-historia.png 640w, https:\/\/jfsaravia.com\/wp-content\/uploads\/2025\/01\/foto-historia-300x225.png 300w\" sizes=\"(max-width: 640px) 100vw, 640px\" \/>\t\t\t\t\t\t\t\t\t\t\t<figcaption class=\"widget-image-caption wp-caption-text\">Jos\u00e9 Francisco Saravia &amp; Manrique Saravia, 1982<\/figcaption>\n\t\t\t\t\t\t\t\t\t\t<\/figure>\n\t\t\t\t\t\t\t\t\t<\/div>\n\t\t\t\t<\/div>\n\t\t\t\t<div class=\"elementor-element elementor-element-5b7eb91 elementor-widget elementor-widget-image\" data-id=\"5b7eb91\" data-element_type=\"widget\" data-e-type=\"widget\" data-widget_type=\"image.default\">\n\t\t\t\t<div class=\"elementor-widget-container\">\n\t\t\t\t\t\t\t\t\t\t\t\t<figure class=\"wp-caption\">\n\t\t\t\t\t\t\t\t\t\t<img decoding=\"async\" width=\"819\" height=\"1024\" src=\"https:\/\/jfsaravia.com\/wp-content\/uploads\/2025\/10\/78-FIX-819x1024.jpg\" class=\"attachment-large size-large wp-image-1167\" alt=\"\" srcset=\"https:\/\/jfsaravia.com\/wp-content\/uploads\/2025\/10\/78-FIX-819x1024.jpg 819w, https:\/\/jfsaravia.com\/wp-content\/uploads\/2025\/10\/78-FIX-240x300.jpg 240w, https:\/\/jfsaravia.com\/wp-content\/uploads\/2025\/10\/78-FIX-768x960.jpg 768w, https:\/\/jfsaravia.com\/wp-content\/uploads\/2025\/10\/78-FIX-1229x1536.jpg 1229w, https:\/\/jfsaravia.com\/wp-content\/uploads\/2025\/10\/78-FIX-1638x2048.jpg 1638w, https:\/\/jfsaravia.com\/wp-content\/uploads\/2025\/10\/78-FIX-10x12.jpg 10w, https:\/\/jfsaravia.com\/wp-content\/uploads\/2025\/10\/78-FIX-scaled.jpg 2048w\" sizes=\"(max-width: 819px) 100vw, 819px\" \/>\t\t\t\t\t\t\t\t\t\t\t<figcaption class=\"widget-image-caption wp-caption-text\">Fabi\u00e1n Saravia, CEO &amp; Adri\u00e1n Saravia, Gerente de ventas <\/figcaption>\n\t\t\t\t\t\t\t\t\t\t<\/figure>\n\t\t\t\t\t\t\t\t\t<\/div>\n\t\t\t\t<\/div>\n\t\t\t\t\t<\/div>\n\t\t\t\t<\/div>\n\t\t\t\t\t<\/div>\n\t\t\t\t<\/div>\n\t\t<div class=\"elementor-element elementor-element-7a94314 e-grid e-con-boxed e-con e-parent\" data-id=\"7a94314\" data-element_type=\"container\" data-e-type=\"container\" data-settings=\"{&quot;background_background&quot;:&quot;classic&quot;}\">\n\t\t\t\t\t<div class=\"e-con-inner\">\n\t\t<div class=\"elementor-element elementor-element-3ad5dcc e-con-full e-flex e-con e-child\" data-id=\"3ad5dcc\" data-element_type=\"container\" data-e-type=\"container\" data-settings=\"{&quot;background_background&quot;:&quot;classic&quot;}\">\n\t\t\t\t<div class=\"elementor-element elementor-element-138eafb elementor-view-default elementor-widget elementor-widget-icon\" data-id=\"138eafb\" data-element_type=\"widget\" data-e-type=\"widget\" data-widget_type=\"icon.default\">\n\t\t\t\t<div class=\"elementor-widget-container\">\n\t\t\t\t\t\t\t<div class=\"elementor-icon-wrapper\">\n\t\t\t<div class=\"elementor-icon\">\n\t\t\t<svg xmlns=\"http:\/\/www.w3.org\/2000\/svg\" id=\"Layer_1\" viewbox=\"0 0 110 107.5\"><path d=\"M96.7,54c0,23-18.7,41.7-41.7,41.7S13.3,77,13.3,54,32,12.3,55,12.3s3.1.1,4.6.3c2.3.3,3.9,2.3,3.7,4.6-.3,2.3-2.3,4-4.6,3.7-1.2-.1-2.5-.2-3.7-.2-18.4,0-33.3,15-33.3,33.3s15,33.3,33.3,33.3,33.3-15,33.3-33.3-.1-2.5-.2-3.7c-.3-2.3,1.4-4.3,3.7-4.6,2.3-.2,4.3,1.4,4.6,3.7.2,1.5.3,3,.3,4.6h0ZM57.1,46c-.7-.2-1.4-.3-2.1-.3-4.6,0-8.3,3.7-8.3,8.3s3.7,8.3,8.3,8.3,8.3-3.7,8.3-8.3-.1-1.4-.3-2.1l6.2-6.2h10.8c1.1,0,2.2-.4,2.9-1.2l12.5-12.5c1.2-1.2,1.6-3,.9-4.5-.6-1.6-2.2-2.6-3.8-2.6h-8.3v-8.3c0-1.7-1-3.2-2.6-3.8-1.6-.8-3.4-.4-4.5.8l-12.5,12.5c-.8.8-1.2,1.8-1.2,2.9v10.8l-6.3,6.2ZM51.7,37.7c2.3-.5,3.7-2.7,3.3-4.9s-2.7-3.8-5-3.3c-11.6,2.4-20,12.7-20,24.5s11.2,25,25,25,22.1-8.4,24.5-20c.5-2.3-1-4.5-3.3-4.9-2.2-.4-4.5,1-4.9,3.3-1.6,7.7-8.4,13.3-16.3,13.3s-16.7-7.5-16.7-16.7,5.6-14.8,13.4-16.3h0Z\"><\/path><\/svg>\t\t\t<\/div>\n\t\t<\/div>\n\t\t\t\t\t\t<\/div>\n\t\t\t\t<\/div>\n\t\t\t\t<div class=\"elementor-element elementor-element-9023c84 elementor-widget elementor-widget-heading\" data-id=\"9023c84\" data-element_type=\"widget\" data-e-type=\"widget\" data-widget_type=\"heading.default\">\n\t\t\t\t<div class=\"elementor-widget-container\">\n\t\t\t\t\t<h2 class=\"elementor-heading-title elementor-size-default\">Mission<\/h2>\t\t\t\t<\/div>\n\t\t\t\t<\/div>\n\t\t\t\t<div class=\"elementor-element elementor-element-91809df elementor-widget elementor-widget-text-editor\" data-id=\"91809df\" data-element_type=\"widget\" data-e-type=\"widget\" data-widget_type=\"text-editor.default\">\n\t\t\t\t<div class=\"elementor-widget-container\">\n\t\t\t\t\t\t\t\t\t<p class=\"has-text-color\" data-oa-prompt=\"Please now create a great description for the previous title. No more than 90 characters.\">We are a group focused on bringing the best representation to your business. We provide a personalized service for each of our clients, making sure to give them the best prices for their products, maintaining a competitive edge.<\/p>\t\t\t\t\t\t\t\t<\/div>\n\t\t\t\t<\/div>\n\t\t\t\t<\/div>\n\t\t<div class=\"elementor-element elementor-element-bc59595 e-con-full e-flex e-con e-child\" data-id=\"bc59595\" data-element_type=\"container\" data-e-type=\"container\" data-settings=\"{&quot;background_background&quot;:&quot;classic&quot;}\">\n\t\t\t\t<div class=\"elementor-element elementor-element-0cfe788 elementor-view-default elementor-widget elementor-widget-icon\" data-id=\"0cfe788\" data-element_type=\"widget\" data-e-type=\"widget\" data-widget_type=\"icon.default\">\n\t\t\t\t<div class=\"elementor-widget-container\">\n\t\t\t\t\t\t\t<div class=\"elementor-icon-wrapper\">\n\t\t\t<div class=\"elementor-icon\">\n\t\t\t<svg aria-hidden=\"true\" class=\"e-font-icon-svg e-far-eye\" viewbox=\"0 0 576 512\" xmlns=\"http:\/\/www.w3.org\/2000\/svg\"><path d=\"M288 144a110.94 110.94 0 0 0-31.24 5 55.4 55.4 0 0 1 7.24 27 56 56 0 0 1-56 56 55.4 55.4 0 0 1-27-7.24A111.71 111.71 0 1 0 288 144zm284.52 97.4C518.29 135.59 410.93 64 288 64S57.68 135.64 3.48 241.41a32.35 32.35 0 0 0 0 29.19C57.71 376.41 165.07 448 288 448s230.32-71.64 284.52-177.41a32.35 32.35 0 0 0 0-29.19zM288 400c-98.65 0-189.09-55-237.93-144C98.91 167 189.34 112 288 112s189.09 55 237.93 144C477.1 345 386.66 400 288 400z\"><\/path><\/svg>\t\t\t<\/div>\n\t\t<\/div>\n\t\t\t\t\t\t<\/div>\n\t\t\t\t<\/div>\n\t\t\t\t<div class=\"elementor-element elementor-element-044af38 elementor-widget elementor-widget-heading\" data-id=\"044af38\" data-element_type=\"widget\" data-e-type=\"widget\" data-widget_type=\"heading.default\">\n\t\t\t\t<div class=\"elementor-widget-container\">\n\t\t\t\t\t<h2 class=\"elementor-heading-title elementor-size-default\">Vision<\/h2>\t\t\t\t<\/div>\n\t\t\t\t<\/div>\n\t\t\t\t<div class=\"elementor-element elementor-element-e6c8a1d elementor-widget elementor-widget-text-editor\" data-id=\"e6c8a1d\" data-element_type=\"widget\" data-e-type=\"widget\" data-widget_type=\"text-editor.default\">\n\t\t\t\t<div class=\"elementor-widget-container\">\n\t\t\t\t\t\t\t\t\t<p>Continue having the best prices on the market, and keep expanding to new countries to grow our reach through representations.<\/p>\t\t\t\t\t\t\t\t<\/div>\n\t\t\t\t<\/div>\n\t\t\t\t<\/div>\n\t\t<div class=\"elementor-element elementor-element-da951e9 e-con-full e-flex e-con e-child\" data-id=\"da951e9\" data-element_type=\"container\" data-e-type=\"container\" data-settings=\"{&quot;background_background&quot;:&quot;classic&quot;}\">\n\t\t\t\t<div class=\"elementor-element elementor-element-877c036 elementor-view-default elementor-widget elementor-widget-icon\" data-id=\"877c036\" data-element_type=\"widget\" data-e-type=\"widget\" data-widget_type=\"icon.default\">\n\t\t\t\t<div class=\"elementor-widget-container\">\n\t\t\t\t\t\t\t<div class=\"elementor-icon-wrapper\">\n\t\t\t<div class=\"elementor-icon\">\n\t\t\t<svg aria-hidden=\"true\" class=\"e-font-icon-svg e-fas-shield-alt\" viewbox=\"0 0 512 512\" xmlns=\"http:\/\/www.w3.org\/2000\/svg\"><path d=\"M466.5 83.7l-192-80a48.15 48.15 0 0 0-36.9 0l-192 80C27.7 91.1 16 108.6 16 128c0 198.5 114.5 335.7 221.5 380.3 11.8 4.9 25.1 4.9 36.9 0C360.1 472.6 496 349.3 496 128c0-19.4-11.7-36.9-29.5-44.3zM256.1 446.3l-.1-381 175.9 73.3c-3.3 151.4-82.1 261.1-175.8 307.7z\"><\/path><\/svg>\t\t\t<\/div>\n\t\t<\/div>\n\t\t\t\t\t\t<\/div>\n\t\t\t\t<\/div>\n\t\t\t\t<div class=\"elementor-element elementor-element-e8b1ea8 elementor-widget elementor-widget-heading\" data-id=\"e8b1ea8\" data-element_type=\"widget\" data-e-type=\"widget\" data-widget_type=\"heading.default\">\n\t\t\t\t<div class=\"elementor-widget-container\">\n\t\t\t\t\t<h2 class=\"elementor-heading-title elementor-size-default\">Values<\/h2>\t\t\t\t<\/div>\n\t\t\t\t<\/div>\n\t\t\t\t<div class=\"elementor-element elementor-element-c00189a elementor-widget elementor-widget-text-editor\" data-id=\"c00189a\" data-element_type=\"widget\" data-e-type=\"widget\" data-widget_type=\"text-editor.default\">\n\t\t\t\t<div class=\"elementor-widget-container\">\n\t\t\t\t\t\t\t\t\t<ul>\n \t<li>Excellence<\/li>\n \t<li>Transparency<\/li>\n \t<li>Integrity<\/li>\n \t<li>Competitiveness<\/li>\n<\/ul>\t\t\t\t\t\t\t\t<\/div>\n\t\t\t\t<\/div>\n\t\t\t\t<\/div>\n\t\t\t\t\t<\/div>\n\t\t\t\t<\/div>\n\t\t\t\t<\/div>","protected":false},"excerpt":{"rendered":"<p>Sobre nosotros J.F. Saravia &amp; Co. S.A., fue fundada en 1952 por Jos\u00e9 Francisco Saravia Prado en San Jos\u00e9, Costa [&hellip;]<\/p>","protected":false},"author":1,"featured_media":0,"parent":0,"menu_order":0,"comment_status":"closed","ping_status":"closed","template":"","meta":{"site-sidebar-layout":"no-sidebar","site-content-layout":"","ast-site-content-layout":"full-width-container","site-content-style":"default","site-sidebar-style":"default","ast-global-header-display":"","ast-banner-title-visibility":"","ast-main-header-display":"","ast-hfb-above-header-display":"","ast-hfb-below-header-display":"","ast-hfb-mobile-header-display":"","site-post-title":"disabled","ast-breadcrumbs-content":"","ast-featured-img":"disabled","footer-sml-layout":"","ast-disable-related-posts":"","theme-transparent-header-meta":"","adv-header-id-meta":"","stick-header-meta":"","header-above-stick-meta":"","header-main-stick-meta":"","header-below-stick-meta":"","astra-migrate-meta-layouts":"default","ast-page-background-enabled":"default","ast-page-background-meta":{"desktop":{"background-color":"var(--ast-global-color-4)","background-image":"","background-repeat":"repeat","background-position":"center center","background-size":"auto","background-attachment":"scroll","background-type":"","background-media":"","overlay-type":"","overlay-color":"","overlay-opacity":"","overlay-gradient":""},"tablet":{"background-color":"","background-image":"","background-repeat":"repeat","background-position":"center center","background-size":"auto","background-attachment":"scroll","background-type":"","background-media":"","overlay-type":"","overlay-color":"","overlay-opacity":"","overlay-gradient":""},"mobile":{"background-color":"","background-image":"","background-repeat":"repeat","background-position":"center center","background-size":"auto","background-attachment":"scroll","background-type":"","background-media":"","overlay-type":"","overlay-color":"","overlay-opacity":"","overlay-gradient":""}},"ast-content-background-meta":{"desktop":{"background-color":"var(--ast-global-color-5)","background-image":"","background-repeat":"repeat","background-position":"center center","background-size":"auto","background-attachment":"scroll","background-type":"","background-media":"","overlay-type":"","overlay-color":"","overlay-opacity":"","overlay-gradient":""},"tablet":{"background-color":"var(--ast-global-color-5)","background-image":"","background-repeat":"repeat","background-position":"center center","background-size":"auto","background-attachment":"scroll","background-type":"","background-media":"","overlay-type":"","overlay-color":"","overlay-opacity":"","overlay-gradient":""},"mobile":{"background-color":"var(--ast-global-color-5)","background-image":"","background-repeat":"repeat","background-position":"center center","background-size":"auto","background-attachment":"scroll","background-type":"","background-media":"","overlay-type":"","overlay-color":"","overlay-opacity":"","overlay-gradient":""}},"footnotes":""},"class_list":["post-323","page","type-page","status-publish","hentry"],"yoast_head":"<!-- This site is optimized with the Yoast SEO plugin v24.4 - https:\/\/yoast.com\/wordpress\/plugins\/seo\/ -->\n<title>Sobre nosotros - Representaciones J. F. Saravia &amp; Co.<\/title>\n<meta name=\"robots\" content=\"index, follow, max-snippet:-1, max-image-preview:large, max-video-preview:-1\" \/>\n<link rel=\"canonical\" href=\"https:\/\/jfsaravia.com\/en\/about\/\" \/>\n<meta property=\"og:locale\" content=\"en_US\" \/>\n<meta property=\"og:type\" content=\"article\" \/>\n<meta property=\"og:title\" content=\"Sobre nosotros - Representaciones J. F. Saravia &amp; Co.\" \/>\n<meta property=\"og:description\" content=\"Sobre nosotros J.F. Saravia &amp; Co. S.A., fue fundada en 1952 por Jos\u00e9 Francisco Saravia Prado en San Jos\u00e9, Costa [&hellip;]\" \/>\n<meta property=\"og:url\" content=\"https:\/\/jfsaravia.com\/en\/about\/\" \/>\n<meta property=\"og:site_name\" content=\"Representaciones J. F. Saravia &amp; Co.\" \/>\n<meta property=\"article:modified_time\" content=\"2025-10-15T03:06:57+00:00\" \/>\n<meta property=\"og:image\" content=\"https:\/\/jfsaravia.com\/wp-content\/uploads\/2025\/01\/foto-historia.png\" \/>\n\t<meta property=\"og:image:width\" content=\"640\" \/>\n\t<meta property=\"og:image:height\" content=\"480\" \/>\n\t<meta property=\"og:image:type\" content=\"image\/png\" \/>\n<meta name=\"twitter:card\" content=\"summary_large_image\" \/>\n<meta name=\"twitter:label1\" content=\"Est. reading time\" \/>\n\t<meta name=\"twitter:data1\" content=\"2 minutes\" \/>\n<script type=\"application\/ld+json\" class=\"yoast-schema-graph\">{\"@context\":\"https:\/\/schema.org\",\"@graph\":[{\"@type\":\"WebPage\",\"@id\":\"https:\/\/jfsaravia.com\/about\/\",\"url\":\"https:\/\/jfsaravia.com\/about\/\",\"name\":\"Sobre nosotros - Representaciones J. F. Saravia &amp; Co.\",\"isPartOf\":{\"@id\":\"https:\/\/jfsaravia.com\/#website\"},\"primaryImageOfPage\":{\"@id\":\"https:\/\/jfsaravia.com\/about\/#primaryimage\"},\"image\":{\"@id\":\"https:\/\/jfsaravia.com\/about\/#primaryimage\"},\"thumbnailUrl\":\"https:\/\/jfsaravia.com\/wp-content\/uploads\/2025\/01\/foto-historia.png\",\"datePublished\":\"2025-01-18T16:15:08+00:00\",\"dateModified\":\"2025-10-15T03:06:57+00:00\",\"breadcrumb\":{\"@id\":\"https:\/\/jfsaravia.com\/about\/#breadcrumb\"},\"inLanguage\":\"en-US\",\"potentialAction\":[{\"@type\":\"ReadAction\",\"target\":[\"https:\/\/jfsaravia.com\/about\/\"]}]},{\"@type\":\"ImageObject\",\"inLanguage\":\"en-US\",\"@id\":\"https:\/\/jfsaravia.com\/about\/#primaryimage\",\"url\":\"https:\/\/jfsaravia.com\/wp-content\/uploads\/2025\/01\/foto-historia.png\",\"contentUrl\":\"https:\/\/jfsaravia.com\/wp-content\/uploads\/2025\/01\/foto-historia.png\"},{\"@type\":\"BreadcrumbList\",\"@id\":\"https:\/\/jfsaravia.com\/about\/#breadcrumb\",\"itemListElement\":[{\"@type\":\"ListItem\",\"position\":1,\"name\":\"Home\",\"item\":\"https:\/\/jfsaravia.com\/\"},{\"@type\":\"ListItem\",\"position\":2,\"name\":\"Sobre nosotros\"}]},{\"@type\":\"WebSite\",\"@id\":\"https:\/\/jfsaravia.com\/#website\",\"url\":\"https:\/\/jfsaravia.com\/\",\"name\":\"Representaciones J. F. Saravia & Co.\",\"description\":\"Desde 1952.\",\"publisher\":{\"@id\":\"https:\/\/jfsaravia.com\/#organization\"},\"potentialAction\":[{\"@type\":\"SearchAction\",\"target\":{\"@type\":\"EntryPoint\",\"urlTemplate\":\"https:\/\/jfsaravia.com\/?s={search_term_string}\"},\"query-input\":{\"@type\":\"PropertyValueSpecification\",\"valueRequired\":true,\"valueName\":\"search_term_string\"}}],\"inLanguage\":\"en-US\"},{\"@type\":\"Organization\",\"@id\":\"https:\/\/jfsaravia.com\/#organization\",\"name\":\"J. F. Saravia & Co. S.A.\",\"url\":\"https:\/\/jfsaravia.com\/\",\"logo\":{\"@type\":\"ImageObject\",\"inLanguage\":\"en-US\",\"@id\":\"https:\/\/jfsaravia.com\/#\/schema\/logo\/image\/\",\"url\":\"https:\/\/jfsaravia.com\/wp-content\/uploads\/2025\/01\/JFSARAVIA-logo-mini-SVG.svg\",\"contentUrl\":\"https:\/\/jfsaravia.com\/wp-content\/uploads\/2025\/01\/JFSARAVIA-logo-mini-SVG.svg\",\"width\":1000,\"height\":1000,\"caption\":\"J. F. Saravia & Co. S.A.\"},\"image\":{\"@id\":\"https:\/\/jfsaravia.com\/#\/schema\/logo\/image\/\"}}]}<\/script>\n<!-- \/ Yoast SEO plugin. -->","yoast_head_json":{"title":"Sobre nosotros - Representaciones J. F. Saravia &amp; Co.","robots":{"index":"index","follow":"follow","max-snippet":"max-snippet:-1","max-image-preview":"max-image-preview:large","max-video-preview":"max-video-preview:-1"},"canonical":"https:\/\/jfsaravia.com\/en\/about\/","og_locale":"en_US","og_type":"article","og_title":"Sobre nosotros - Representaciones J. F. Saravia &amp; Co.","og_description":"Sobre nosotros J.F. Saravia &amp; Co. S.A., fue fundada en 1952 por Jos\u00e9 Francisco Saravia Prado en San Jos\u00e9, Costa [&hellip;]","og_url":"https:\/\/jfsaravia.com\/en\/about\/","og_site_name":"Representaciones J. F. Saravia &amp; Co.","article_modified_time":"2025-10-15T03:06:57+00:00","og_image":[{"width":640,"height":480,"url":"https:\/\/jfsaravia.com\/wp-content\/uploads\/2025\/01\/foto-historia.png","type":"image\/png"}],"twitter_card":"summary_large_image","twitter_misc":{"Est. reading time":"2 minutes"},"schema":{"@context":"https:\/\/schema.org","@graph":[{"@type":"WebPage","@id":"https:\/\/jfsaravia.com\/about\/","url":"https:\/\/jfsaravia.com\/about\/","name":"Sobre nosotros - Representaciones J. F. Saravia &amp; Co.","isPartOf":{"@id":"https:\/\/jfsaravia.com\/#website"},"primaryImageOfPage":{"@id":"https:\/\/jfsaravia.com\/about\/#primaryimage"},"image":{"@id":"https:\/\/jfsaravia.com\/about\/#primaryimage"},"thumbnailUrl":"https:\/\/jfsaravia.com\/wp-content\/uploads\/2025\/01\/foto-historia.png","datePublished":"2025-01-18T16:15:08+00:00","dateModified":"2025-10-15T03:06:57+00:00","breadcrumb":{"@id":"https:\/\/jfsaravia.com\/about\/#breadcrumb"},"inLanguage":"en-US","potentialAction":[{"@type":"ReadAction","target":["https:\/\/jfsaravia.com\/about\/"]}]},{"@type":"ImageObject","inLanguage":"en-US","@id":"https:\/\/jfsaravia.com\/about\/#primaryimage","url":"https:\/\/jfsaravia.com\/wp-content\/uploads\/2025\/01\/foto-historia.png","contentUrl":"https:\/\/jfsaravia.com\/wp-content\/uploads\/2025\/01\/foto-historia.png"},{"@type":"BreadcrumbList","@id":"https:\/\/jfsaravia.com\/about\/#breadcrumb","itemListElement":[{"@type":"ListItem","position":1,"name":"Home","item":"https:\/\/jfsaravia.com\/"},{"@type":"ListItem","position":2,"name":"Sobre nosotros"}]},{"@type":"WebSite","@id":"https:\/\/jfsaravia.com\/#website","url":"https:\/\/jfsaravia.com\/","name":"Representaciones J. F. Saravia & Co.","description":"Since 1952.","publisher":{"@id":"https:\/\/jfsaravia.com\/#organization"},"potentialAction":[{"@type":"SearchAction","target":{"@type":"EntryPoint","urlTemplate":"https:\/\/jfsaravia.com\/?s={search_term_string}"},"query-input":{"@type":"PropertyValueSpecification","valueRequired":true,"valueName":"search_term_string"}}],"inLanguage":"en-US"},{"@type":"Organization","@id":"https:\/\/jfsaravia.com\/#organization","name":"J. F. Saravia & Co. S.A.","url":"https:\/\/jfsaravia.com\/","logo":{"@type":"ImageObject","inLanguage":"en-US","@id":"https:\/\/jfsaravia.com\/#\/schema\/logo\/image\/","url":"https:\/\/jfsaravia.com\/wp-content\/uploads\/2025\/01\/JFSARAVIA-logo-mini-SVG.svg","contentUrl":"https:\/\/jfsaravia.com\/wp-content\/uploads\/2025\/01\/JFSARAVIA-logo-mini-SVG.svg","width":1000,"height":1000,"caption":"J. F. Saravia & Co. S.A."},"image":{"@id":"https:\/\/jfsaravia.com\/#\/schema\/logo\/image\/"}}]}},"_links":{"self":[{"href":"https:\/\/jfsaravia.com\/en\/wp-json\/wp\/v2\/pages\/323","targetHints":{"allow":["GET"]}}],"collection":[{"href":"https:\/\/jfsaravia.com\/en\/wp-json\/wp\/v2\/pages"}],"about":[{"href":"https:\/\/jfsaravia.com\/en\/wp-json\/wp\/v2\/types\/page"}],"author":[{"embeddable":true,"href":"https:\/\/jfsaravia.com\/en\/wp-json\/wp\/v2\/users\/1"}],"replies":[{"embeddable":true,"href":"https:\/\/jfsaravia.com\/en\/wp-json\/wp\/v2\/comments?post=323"}],"version-history":[{"count":124,"href":"https:\/\/jfsaravia.com\/en\/wp-json\/wp\/v2\/pages\/323\/revisions"}],"predecessor-version":[{"id":1185,"href":"https:\/\/jfsaravia.com\/en\/wp-json\/wp\/v2\/pages\/323\/revisions\/1185"}],"wp:attachment":[{"href":"https:\/\/jfsaravia.com\/en\/wp-json\/wp\/v2\/media?parent=323"}],"curies":[{"name":"wp","href":"https:\/\/api.w.org\/{rel}","templated":true}]}}