{"id":548,"date":"2025-01-24T05:29:16","date_gmt":"2025-01-24T05:29:16","guid":{"rendered":"https:\/\/jfsaravia.com\/?page_id=548"},"modified":"2025-02-05T16:02:52","modified_gmt":"2025-02-05T16:02:52","slug":"productos","status":"publish","type":"page","link":"https:\/\/jfsaravia.com\/en\/productos\/","title":{"rendered":"Products"},"content":{"rendered":"<div data-elementor-type=\"wp-page\" data-elementor-id=\"548\" class=\"elementor elementor-548\" data-elementor-post-type=\"page\">\n\t\t\t\t<div class=\"elementor-element elementor-element-1d3180a e-flex e-con-boxed e-con e-parent\" data-id=\"1d3180a\" data-element_type=\"container\" data-e-type=\"container\" data-settings=\"{&quot;background_background&quot;:&quot;classic&quot;}\">\n\t\t\t\t\t<div class=\"e-con-inner\">\n\t\t<div class=\"elementor-element elementor-element-de54b2c e-con-full e-flex e-con e-child\" data-id=\"de54b2c\" data-element_type=\"container\" data-e-type=\"container\">\n\t\t\t\t<div class=\"elementor-element elementor-element-4717791 elementor-widget elementor-widget-heading\" data-id=\"4717791\" data-element_type=\"widget\" data-e-type=\"widget\" data-widget_type=\"heading.default\">\n\t\t\t\t<div class=\"elementor-widget-container\">\n\t\t\t\t\t<h2 class=\"elementor-heading-title elementor-size-default\">Products<\/h2>\t\t\t\t<\/div>\n\t\t\t\t<\/div>\n\t\t\t\t<\/div>\n\t\t\t\t\t<\/div>\n\t\t\t\t<\/div>\n\t\t<div class=\"elementor-element elementor-element-502ef5a e-flex e-con-boxed e-con e-parent\" data-id=\"502ef5a\" data-element_type=\"container\" data-e-type=\"container\">\n\t\t\t\t\t<div class=\"e-con-inner\">\n\t\t\t\t<div class=\"elementor-element elementor-element-b383f1c elementor-widget elementor-widget-spacer\" data-id=\"b383f1c\" data-element_type=\"widget\" data-e-type=\"widget\" data-widget_type=\"spacer.default\">\n\t\t\t\t<div class=\"elementor-widget-container\">\n\t\t\t\t\t\t\t<div class=\"elementor-spacer\">\n\t\t\t<div class=\"elementor-spacer-inner\"><\/div>\n\t\t<\/div>\n\t\t\t\t\t\t<\/div>\n\t\t\t\t<\/div>\n\t\t\t\t\t<\/div>\n\t\t\t\t<\/div>\n\t\t<div class=\"elementor-element elementor-element-ddc62ac e-flex e-con-boxed e-con e-parent\" data-id=\"ddc62ac\" data-element_type=\"container\" data-e-type=\"container\">\n\t\t\t\t\t<div class=\"e-con-inner\">\n\t\t<div class=\"elementor-element elementor-element-0259552 e-con-full e-flex e-con e-child\" data-id=\"0259552\" data-element_type=\"container\" data-e-type=\"container\">\n\t\t\t\t<div class=\"elementor-element elementor-element-7b4d75b elementor-widget elementor-widget-image\" data-id=\"7b4d75b\" data-element_type=\"widget\" data-e-type=\"widget\" data-widget_type=\"image.default\">\n\t\t\t\t<div class=\"elementor-widget-container\">\n\t\t\t\t\t\t\t\t\t\t\t\t\t\t\t\t<a href=\"https:\/\/jfsaravia.com\/en\/productos\/materia\/\">\n\t\t\t\t\t\t\t<img fetchpriority=\"high\" decoding=\"async\" width=\"1800\" height=\"1201\" src=\"https:\/\/jfsaravia.com\/wp-content\/uploads\/2025\/01\/Walterpack-\u00bfCual-es-la-materia-p.png\" class=\"attachment-full size-full wp-image-672\" alt=\"\" srcset=\"https:\/\/jfsaravia.com\/wp-content\/uploads\/2025\/01\/Walterpack-\u00bfCual-es-la-materia-p.png 1800w, https:\/\/jfsaravia.com\/wp-content\/uploads\/2025\/01\/Walterpack-\u00bfCual-es-la-materia-p-300x200.png 300w, https:\/\/jfsaravia.com\/wp-content\/uploads\/2025\/01\/Walterpack-\u00bfCual-es-la-materia-p-1024x683.png 1024w, https:\/\/jfsaravia.com\/wp-content\/uploads\/2025\/01\/Walterpack-\u00bfCual-es-la-materia-p-768x512.png 768w, https:\/\/jfsaravia.com\/wp-content\/uploads\/2025\/01\/Walterpack-\u00bfCual-es-la-materia-p-1536x1025.png 1536w, https:\/\/jfsaravia.com\/wp-content\/uploads\/2025\/01\/Walterpack-\u00bfCual-es-la-materia-p-18x12.png 18w\" sizes=\"(max-width: 1800px) 100vw, 1800px\" \/>\t\t\t\t\t\t\t\t<\/a>\n\t\t\t\t\t\t\t\t\t\t\t\t\t\t\t<\/div>\n\t\t\t\t<\/div>\n\t\t\t\t<\/div>\n\t\t<div class=\"elementor-element elementor-element-ca0a503 e-con-full e-flex e-con e-child\" data-id=\"ca0a503\" data-element_type=\"container\" data-e-type=\"container\">\n\t\t<div class=\"elementor-element elementor-element-e6482a5 e-con-full e-flex e-con e-child\" data-id=\"e6482a5\" data-element_type=\"container\" data-e-type=\"container\">\n\t\t\t\t<div class=\"elementor-element elementor-element-3091250 elementor-widget elementor-widget-heading\" data-id=\"3091250\" data-element_type=\"widget\" data-e-type=\"widget\" data-widget_type=\"heading.default\">\n\t\t\t\t<div class=\"elementor-widget-container\">\n\t\t\t\t\t<h2 class=\"elementor-heading-title elementor-size-default\">Raw Material<\/h2>\t\t\t\t<\/div>\n\t\t\t\t<\/div>\n\t\t\t\t<\/div>\n\t\t<div class=\"elementor-element elementor-element-de4891e e-con-full e-flex e-con e-child\" data-id=\"de4891e\" data-element_type=\"container\" data-e-type=\"container\">\n\t\t\t\t<div class=\"elementor-element elementor-element-d672b02 elementor-widget elementor-widget-text-editor\" data-id=\"d672b02\" data-element_type=\"widget\" data-e-type=\"widget\" data-widget_type=\"text-editor.default\">\n\t\t\t\t<div class=\"elementor-widget-container\">\n\t\t\t\t\t\t\t\t\t<p>Raw material for plastics, cosmetics, food products, and more.<\/p>\t\t\t\t\t\t\t\t<\/div>\n\t\t\t\t<\/div>\n\t\t\t\t<\/div>\n\t\t\t\t<div class=\"elementor-element elementor-element-97e9756 elementor-widget elementor-widget-button\" data-id=\"97e9756\" data-element_type=\"widget\" data-e-type=\"widget\" data-widget_type=\"button.default\">\n\t\t\t\t<div class=\"elementor-widget-container\">\n\t\t\t\t\t\t\t\t\t<div class=\"elementor-button-wrapper\">\n\t\t\t\t\t<a class=\"elementor-button elementor-button-link elementor-size-sm elementor-animation-grow\" href=\"https:\/\/jfsaravia.com\/en\/productos\/materiaprima\/\">\n\t\t\t\t\t\t<span class=\"elementor-button-content-wrapper\">\n\t\t\t\t\t\t\t\t\t<span class=\"elementor-button-text\">View List<\/span>\n\t\t\t\t\t<\/span>\n\t\t\t\t\t<\/a>\n\t\t\t\t<\/div>\n\t\t\t\t\t\t\t\t<\/div>\n\t\t\t\t<\/div>\n\t\t\t\t<\/div>\n\t\t\t\t\t<\/div>\n\t\t\t\t<\/div>\n\t\t<div class=\"elementor-element elementor-element-9d59189 e-flex e-con-boxed e-con e-parent\" data-id=\"9d59189\" data-element_type=\"container\" data-e-type=\"container\">\n\t\t\t\t\t<div class=\"e-con-inner\">\n\t\t<div class=\"elementor-element elementor-element-5e5a65f e-con-full e-flex e-con e-child\" data-id=\"5e5a65f\" data-element_type=\"container\" data-e-type=\"container\">\n\t\t\t\t<div class=\"elementor-element elementor-element-2eaa921 elementor-widget elementor-widget-image\" data-id=\"2eaa921\" data-element_type=\"widget\" data-e-type=\"widget\" data-widget_type=\"image.default\">\n\t\t\t\t<div class=\"elementor-widget-container\">\n\t\t\t\t\t\t\t\t\t\t\t\t\t\t\t\t<a href=\"https:\/\/jfsaravia.com\/en\/productos\/empaques\/\">\n\t\t\t\t\t\t\t<img decoding=\"async\" width=\"1024\" height=\"690\" src=\"https:\/\/jfsaravia.com\/wp-content\/uploads\/2025\/01\/maquetas-envases-cosmeticos-blan-gigapixelblablabla-low-resolution-v2-6x-1024x690.png\" class=\"attachment-large size-large wp-image-673\" alt=\"\" srcset=\"https:\/\/jfsaravia.com\/wp-content\/uploads\/2025\/01\/maquetas-envases-cosmeticos-blan-gigapixelblablabla-low-resolution-v2-6x-1024x690.png 1024w, https:\/\/jfsaravia.com\/wp-content\/uploads\/2025\/01\/maquetas-envases-cosmeticos-blan-gigapixelblablabla-low-resolution-v2-6x-300x202.png 300w, https:\/\/jfsaravia.com\/wp-content\/uploads\/2025\/01\/maquetas-envases-cosmeticos-blan-gigapixelblablabla-low-resolution-v2-6x-768x518.png 768w, https:\/\/jfsaravia.com\/wp-content\/uploads\/2025\/01\/maquetas-envases-cosmeticos-blan-gigapixelblablabla-low-resolution-v2-6x-1536x1035.png 1536w, https:\/\/jfsaravia.com\/wp-content\/uploads\/2025\/01\/maquetas-envases-cosmeticos-blan-gigapixelblablabla-low-resolution-v2-6x-2048x1381.png 2048w, https:\/\/jfsaravia.com\/wp-content\/uploads\/2025\/01\/maquetas-envases-cosmeticos-blan-gigapixelblablabla-low-resolution-v2-6x-18x12.png 18w\" sizes=\"(max-width: 1024px) 100vw, 1024px\" \/>\t\t\t\t\t\t\t\t<\/a>\n\t\t\t\t\t\t\t\t\t\t\t\t\t\t\t<\/div>\n\t\t\t\t<\/div>\n\t\t\t\t<\/div>\n\t\t<div class=\"elementor-element elementor-element-1f0c67b e-con-full e-flex e-con e-child\" data-id=\"1f0c67b\" data-element_type=\"container\" data-e-type=\"container\">\n\t\t<div class=\"elementor-element elementor-element-131380a e-con-full e-flex e-con e-child\" data-id=\"131380a\" data-element_type=\"container\" data-e-type=\"container\">\n\t\t\t\t<div class=\"elementor-element elementor-element-fb388de elementor-widget elementor-widget-heading\" data-id=\"fb388de\" data-element_type=\"widget\" data-e-type=\"widget\" data-widget_type=\"heading.default\">\n\t\t\t\t<div class=\"elementor-widget-container\">\n\t\t\t\t\t<h2 class=\"elementor-heading-title elementor-size-default\">Packaging<\/h2>\t\t\t\t<\/div>\n\t\t\t\t<\/div>\n\t\t\t\t<\/div>\n\t\t<div class=\"elementor-element elementor-element-eb9dbe0 e-con-full e-flex e-con e-child\" data-id=\"eb9dbe0\" data-element_type=\"container\" data-e-type=\"container\">\n\t\t\t\t<div class=\"elementor-element elementor-element-d4dac78 elementor-widget elementor-widget-text-editor\" data-id=\"d4dac78\" data-element_type=\"widget\" data-e-type=\"widget\" data-widget_type=\"text-editor.default\">\n\t\t\t\t<div class=\"elementor-widget-container\">\n\t\t\t\t\t\t\t\t\t<p>An ample selection of packaging for any type of product.<\/p>\t\t\t\t\t\t\t\t<\/div>\n\t\t\t\t<\/div>\n\t\t\t\t<div class=\"elementor-element elementor-element-ccd0f48 elementor-widget elementor-widget-button\" data-id=\"ccd0f48\" data-element_type=\"widget\" data-e-type=\"widget\" data-widget_type=\"button.default\">\n\t\t\t\t<div class=\"elementor-widget-container\">\n\t\t\t\t\t\t\t\t\t<div class=\"elementor-button-wrapper\">\n\t\t\t\t\t<a class=\"elementor-button elementor-button-link elementor-size-sm elementor-animation-grow\" href=\"https:\/\/jfsaravia.com\/en\/productos\/empaques\/\">\n\t\t\t\t\t\t<span class=\"elementor-button-content-wrapper\">\n\t\t\t\t\t\t\t\t\t<span class=\"elementor-button-text\">View List<\/span>\n\t\t\t\t\t<\/span>\n\t\t\t\t\t<\/a>\n\t\t\t\t<\/div>\n\t\t\t\t\t\t\t\t<\/div>\n\t\t\t\t<\/div>\n\t\t\t\t<\/div>\n\t\t\t\t<\/div>\n\t\t\t\t\t<\/div>\n\t\t\t\t<\/div>\n\t\t<div class=\"elementor-element elementor-element-f9533e4 e-flex e-con-boxed e-con e-parent\" data-id=\"f9533e4\" data-element_type=\"container\" data-e-type=\"container\">\n\t\t\t\t\t<div class=\"e-con-inner\">\n\t\t<div class=\"elementor-element elementor-element-d0b18d9 e-con-full e-flex e-con e-child\" data-id=\"d0b18d9\" data-element_type=\"container\" data-e-type=\"container\">\n\t\t\t\t<div class=\"elementor-element elementor-element-9350fdd elementor-widget elementor-widget-image\" data-id=\"9350fdd\" data-element_type=\"widget\" data-e-type=\"widget\" data-widget_type=\"image.default\">\n\t\t\t\t<div class=\"elementor-widget-container\">\n\t\t\t\t\t\t\t\t\t\t\t\t\t\t\t\t<a href=\"https:\/\/jfsaravia.com\/en\/productos\/maquinaria\/\">\n\t\t\t\t\t\t\t<img decoding=\"async\" width=\"1024\" height=\"535\" src=\"https:\/\/jfsaravia.com\/wp-content\/uploads\/2025\/01\/superior-ice-cream-machine-1024x535.jpeg\" class=\"attachment-large size-large wp-image-676\" alt=\"\" srcset=\"https:\/\/jfsaravia.com\/wp-content\/uploads\/2025\/01\/superior-ice-cream-machine-1024x535.jpeg 1024w, https:\/\/jfsaravia.com\/wp-content\/uploads\/2025\/01\/superior-ice-cream-machine-300x157.jpeg 300w, https:\/\/jfsaravia.com\/wp-content\/uploads\/2025\/01\/superior-ice-cream-machine-768x402.jpeg 768w, https:\/\/jfsaravia.com\/wp-content\/uploads\/2025\/01\/superior-ice-cream-machine-18x9.jpeg 18w, https:\/\/jfsaravia.com\/wp-content\/uploads\/2025\/01\/superior-ice-cream-machine.jpeg 1140w\" sizes=\"(max-width: 1024px) 100vw, 1024px\" \/>\t\t\t\t\t\t\t\t<\/a>\n\t\t\t\t\t\t\t\t\t\t\t\t\t\t\t<\/div>\n\t\t\t\t<\/div>\n\t\t\t\t<\/div>\n\t\t<div class=\"elementor-element elementor-element-65ce709 e-con-full e-flex e-con e-child\" data-id=\"65ce709\" data-element_type=\"container\" data-e-type=\"container\">\n\t\t<div class=\"elementor-element elementor-element-f270888 e-con-full e-flex e-con e-child\" data-id=\"f270888\" data-element_type=\"container\" data-e-type=\"container\">\n\t\t\t\t<div class=\"elementor-element elementor-element-064fa72 elementor-widget elementor-widget-heading\" data-id=\"064fa72\" data-element_type=\"widget\" data-e-type=\"widget\" data-widget_type=\"heading.default\">\n\t\t\t\t<div class=\"elementor-widget-container\">\n\t\t\t\t\t<h2 class=\"elementor-heading-title elementor-size-default\">Machinery<\/h2>\t\t\t\t<\/div>\n\t\t\t\t<\/div>\n\t\t\t\t<\/div>\n\t\t<div class=\"elementor-element elementor-element-da04765 e-con-full e-flex e-con e-child\" data-id=\"da04765\" data-element_type=\"container\" data-e-type=\"container\">\n\t\t\t\t<div class=\"elementor-element elementor-element-0a589da elementor-widget elementor-widget-text-editor\" data-id=\"0a589da\" data-element_type=\"widget\" data-e-type=\"widget\" data-widget_type=\"text-editor.default\">\n\t\t\t\t<div class=\"elementor-widget-container\">\n\t\t\t\t\t\t\t\t\t<p>High-level machinery for the food and industrial market sectors.<\/p>\t\t\t\t\t\t\t\t<\/div>\n\t\t\t\t<\/div>\n\t\t\t\t<div class=\"elementor-element elementor-element-63a9352 elementor-widget elementor-widget-button\" data-id=\"63a9352\" data-element_type=\"widget\" data-e-type=\"widget\" data-widget_type=\"button.default\">\n\t\t\t\t<div class=\"elementor-widget-container\">\n\t\t\t\t\t\t\t\t\t<div class=\"elementor-button-wrapper\">\n\t\t\t\t\t<a class=\"elementor-button elementor-button-link elementor-size-sm elementor-animation-grow\" href=\"https:\/\/jfsaravia.com\/en\/productos\/maquinaria\/\">\n\t\t\t\t\t\t<span class=\"elementor-button-content-wrapper\">\n\t\t\t\t\t\t\t\t\t<span class=\"elementor-button-text\">View List<\/span>\n\t\t\t\t\t<\/span>\n\t\t\t\t\t<\/a>\n\t\t\t\t<\/div>\n\t\t\t\t\t\t\t\t<\/div>\n\t\t\t\t<\/div>\n\t\t\t\t<\/div>\n\t\t\t\t<\/div>\n\t\t\t\t\t<\/div>\n\t\t\t\t<\/div>\n\t\t\t\t<\/div>","protected":false},"excerpt":{"rendered":"<p>Productos Materia Prima Materia prima para pl\u00e1sticos, cosm\u00e9ticos, productos alimenticios, y m\u00e1s. Conocer m\u00e1s Empaques Una amplia selecci\u00f3n de empaques [&hellip;]<\/p>","protected":false},"author":1,"featured_media":0,"parent":0,"menu_order":0,"comment_status":"closed","ping_status":"closed","template":"","meta":{"site-sidebar-layout":"no-sidebar","site-content-layout":"","ast-site-content-layout":"full-width-container","site-content-style":"default","site-sidebar-style":"default","ast-global-header-display":"","ast-banner-title-visibility":"","ast-main-header-display":"","ast-hfb-above-header-display":"","ast-hfb-below-header-display":"","ast-hfb-mobile-header-display":"","site-post-title":"disabled","ast-breadcrumbs-content":"","ast-featured-img":"disabled","footer-sml-layout":"","ast-disable-related-posts":"","theme-transparent-header-meta":"","adv-header-id-meta":"","stick-header-meta":"","header-above-stick-meta":"","header-main-stick-meta":"","header-below-stick-meta":"","astra-migrate-meta-layouts":"default","ast-page-background-enabled":"default","ast-page-background-meta":{"desktop":{"background-color":"var(--ast-global-color-4)","background-image":"","background-repeat":"repeat","background-position":"center center","background-size":"auto","background-attachment":"scroll","background-type":"","background-media":"","overlay-type":"","overlay-color":"","overlay-opacity":"","overlay-gradient":""},"tablet":{"background-color":"","background-image":"","background-repeat":"repeat","background-position":"center center","background-size":"auto","background-attachment":"scroll","background-type":"","background-media":"","overlay-type":"","overlay-color":"","overlay-opacity":"","overlay-gradient":""},"mobile":{"background-color":"","background-image":"","background-repeat":"repeat","background-position":"center center","background-size":"auto","background-attachment":"scroll","background-type":"","background-media":"","overlay-type":"","overlay-color":"","overlay-opacity":"","overlay-gradient":""}},"ast-content-background-meta":{"desktop":{"background-color":"var(--ast-global-color-5)","background-image":"","background-repeat":"repeat","background-position":"center center","background-size":"auto","background-attachment":"scroll","background-type":"","background-media":"","overlay-type":"","overlay-color":"","overlay-opacity":"","overlay-gradient":""},"tablet":{"background-color":"var(--ast-global-color-5)","background-image":"","background-repeat":"repeat","background-position":"center center","background-size":"auto","background-attachment":"scroll","background-type":"","background-media":"","overlay-type":"","overlay-color":"","overlay-opacity":"","overlay-gradient":""},"mobile":{"background-color":"var(--ast-global-color-5)","background-image":"","background-repeat":"repeat","background-position":"center center","background-size":"auto","background-attachment":"scroll","background-type":"","background-media":"","overlay-type":"","overlay-color":"","overlay-opacity":"","overlay-gradient":""}},"footnotes":""},"class_list":["post-548","page","type-page","status-publish","hentry"],"yoast_head":"<!-- This site is optimized with the Yoast SEO plugin v24.4 - https:\/\/yoast.com\/wordpress\/plugins\/seo\/ -->\n<title>Productos - Representaciones J. F. Saravia &amp; Co.<\/title>\n<meta name=\"robots\" content=\"index, follow, max-snippet:-1, max-image-preview:large, max-video-preview:-1\" \/>\n<link rel=\"canonical\" href=\"https:\/\/jfsaravia.com\/en\/productos\/\" \/>\n<meta property=\"og:locale\" content=\"en_US\" \/>\n<meta property=\"og:type\" content=\"article\" \/>\n<meta property=\"og:title\" content=\"Productos - Representaciones J. F. Saravia &amp; Co.\" \/>\n<meta property=\"og:description\" content=\"Productos Materia Prima Materia prima para pl\u00e1sticos, cosm\u00e9ticos, productos alimenticios, y m\u00e1s. Conocer m\u00e1s Empaques Una amplia selecci\u00f3n de empaques [&hellip;]\" \/>\n<meta property=\"og:url\" content=\"https:\/\/jfsaravia.com\/en\/productos\/\" \/>\n<meta property=\"og:site_name\" content=\"Representaciones J. F. Saravia &amp; Co.\" \/>\n<meta property=\"article:modified_time\" content=\"2025-02-05T16:02:52+00:00\" \/>\n<meta property=\"og:image\" content=\"https:\/\/jfsaravia.com\/wp-content\/uploads\/2025\/01\/maquetas-envases-cosmeticos-blan-gigapixelblablabla-low-resolution-v2-6x-1024x690.png\" \/>\n<meta name=\"twitter:card\" content=\"summary_large_image\" \/>\n<script type=\"application\/ld+json\" class=\"yoast-schema-graph\">{\"@context\":\"https:\/\/schema.org\",\"@graph\":[{\"@type\":\"WebPage\",\"@id\":\"https:\/\/jfsaravia.com\/productos\/\",\"url\":\"https:\/\/jfsaravia.com\/productos\/\",\"name\":\"Productos - Representaciones J. F. Saravia &amp; Co.\",\"isPartOf\":{\"@id\":\"https:\/\/jfsaravia.com\/#website\"},\"primaryImageOfPage\":{\"@id\":\"https:\/\/jfsaravia.com\/productos\/#primaryimage\"},\"image\":{\"@id\":\"https:\/\/jfsaravia.com\/productos\/#primaryimage\"},\"thumbnailUrl\":\"https:\/\/jfsaravia.com\/wp-content\/uploads\/2025\/01\/maquetas-envases-cosmeticos-blan-gigapixelblablabla-low-resolution-v2-6x-1024x690.png\",\"datePublished\":\"2025-01-24T05:29:16+00:00\",\"dateModified\":\"2025-02-05T16:02:52+00:00\",\"breadcrumb\":{\"@id\":\"https:\/\/jfsaravia.com\/productos\/#breadcrumb\"},\"inLanguage\":\"en-US\",\"potentialAction\":[{\"@type\":\"ReadAction\",\"target\":[\"https:\/\/jfsaravia.com\/productos\/\"]}]},{\"@type\":\"ImageObject\",\"inLanguage\":\"en-US\",\"@id\":\"https:\/\/jfsaravia.com\/productos\/#primaryimage\",\"url\":\"https:\/\/jfsaravia.com\/wp-content\/uploads\/2025\/01\/maquetas-envases-cosmeticos-blan-gigapixelblablabla-low-resolution-v2-6x-1024x690.png\",\"contentUrl\":\"https:\/\/jfsaravia.com\/wp-content\/uploads\/2025\/01\/maquetas-envases-cosmeticos-blan-gigapixelblablabla-low-resolution-v2-6x-1024x690.png\"},{\"@type\":\"BreadcrumbList\",\"@id\":\"https:\/\/jfsaravia.com\/productos\/#breadcrumb\",\"itemListElement\":[{\"@type\":\"ListItem\",\"position\":1,\"name\":\"Home\",\"item\":\"https:\/\/jfsaravia.com\/\"},{\"@type\":\"ListItem\",\"position\":2,\"name\":\"Productos\"}]},{\"@type\":\"WebSite\",\"@id\":\"https:\/\/jfsaravia.com\/#website\",\"url\":\"https:\/\/jfsaravia.com\/\",\"name\":\"Representaciones J. F. Saravia & Co.\",\"description\":\"Desde 1952.\",\"publisher\":{\"@id\":\"https:\/\/jfsaravia.com\/#organization\"},\"potentialAction\":[{\"@type\":\"SearchAction\",\"target\":{\"@type\":\"EntryPoint\",\"urlTemplate\":\"https:\/\/jfsaravia.com\/?s={search_term_string}\"},\"query-input\":{\"@type\":\"PropertyValueSpecification\",\"valueRequired\":true,\"valueName\":\"search_term_string\"}}],\"inLanguage\":\"en-US\"},{\"@type\":\"Organization\",\"@id\":\"https:\/\/jfsaravia.com\/#organization\",\"name\":\"J. F. Saravia & Co. S.A.\",\"url\":\"https:\/\/jfsaravia.com\/\",\"logo\":{\"@type\":\"ImageObject\",\"inLanguage\":\"en-US\",\"@id\":\"https:\/\/jfsaravia.com\/#\/schema\/logo\/image\/\",\"url\":\"https:\/\/jfsaravia.com\/wp-content\/uploads\/2025\/01\/JFSARAVIA-logo-mini-SVG.svg\",\"contentUrl\":\"https:\/\/jfsaravia.com\/wp-content\/uploads\/2025\/01\/JFSARAVIA-logo-mini-SVG.svg\",\"width\":1000,\"height\":1000,\"caption\":\"J. F. Saravia & Co. S.A.\"},\"image\":{\"@id\":\"https:\/\/jfsaravia.com\/#\/schema\/logo\/image\/\"}}]}<\/script>\n<!-- \/ Yoast SEO plugin. -->","yoast_head_json":{"title":"Productos - Representaciones J. F. Saravia &amp; Co.","robots":{"index":"index","follow":"follow","max-snippet":"max-snippet:-1","max-image-preview":"max-image-preview:large","max-video-preview":"max-video-preview:-1"},"canonical":"https:\/\/jfsaravia.com\/en\/productos\/","og_locale":"en_US","og_type":"article","og_title":"Productos - Representaciones J. F. Saravia &amp; Co.","og_description":"Productos Materia Prima Materia prima para pl\u00e1sticos, cosm\u00e9ticos, productos alimenticios, y m\u00e1s. Conocer m\u00e1s Empaques Una amplia selecci\u00f3n de empaques [&hellip;]","og_url":"https:\/\/jfsaravia.com\/en\/productos\/","og_site_name":"Representaciones J. F. Saravia &amp; Co.","article_modified_time":"2025-02-05T16:02:52+00:00","og_image":[{"url":"https:\/\/jfsaravia.com\/wp-content\/uploads\/2025\/01\/maquetas-envases-cosmeticos-blan-gigapixelblablabla-low-resolution-v2-6x-1024x690.png","type":"","width":"","height":""}],"twitter_card":"summary_large_image","schema":{"@context":"https:\/\/schema.org","@graph":[{"@type":"WebPage","@id":"https:\/\/jfsaravia.com\/productos\/","url":"https:\/\/jfsaravia.com\/productos\/","name":"Productos - Representaciones J. F. Saravia &amp; Co.","isPartOf":{"@id":"https:\/\/jfsaravia.com\/#website"},"primaryImageOfPage":{"@id":"https:\/\/jfsaravia.com\/productos\/#primaryimage"},"image":{"@id":"https:\/\/jfsaravia.com\/productos\/#primaryimage"},"thumbnailUrl":"https:\/\/jfsaravia.com\/wp-content\/uploads\/2025\/01\/maquetas-envases-cosmeticos-blan-gigapixelblablabla-low-resolution-v2-6x-1024x690.png","datePublished":"2025-01-24T05:29:16+00:00","dateModified":"2025-02-05T16:02:52+00:00","breadcrumb":{"@id":"https:\/\/jfsaravia.com\/productos\/#breadcrumb"},"inLanguage":"en-US","potentialAction":[{"@type":"ReadAction","target":["https:\/\/jfsaravia.com\/productos\/"]}]},{"@type":"ImageObject","inLanguage":"en-US","@id":"https:\/\/jfsaravia.com\/productos\/#primaryimage","url":"https:\/\/jfsaravia.com\/wp-content\/uploads\/2025\/01\/maquetas-envases-cosmeticos-blan-gigapixelblablabla-low-resolution-v2-6x-1024x690.png","contentUrl":"https:\/\/jfsaravia.com\/wp-content\/uploads\/2025\/01\/maquetas-envases-cosmeticos-blan-gigapixelblablabla-low-resolution-v2-6x-1024x690.png"},{"@type":"BreadcrumbList","@id":"https:\/\/jfsaravia.com\/productos\/#breadcrumb","itemListElement":[{"@type":"ListItem","position":1,"name":"Home","item":"https:\/\/jfsaravia.com\/"},{"@type":"ListItem","position":2,"name":"Productos"}]},{"@type":"WebSite","@id":"https:\/\/jfsaravia.com\/#website","url":"https:\/\/jfsaravia.com\/","name":"Representaciones J. F. Saravia & Co.","description":"Since 1952.","publisher":{"@id":"https:\/\/jfsaravia.com\/#organization"},"potentialAction":[{"@type":"SearchAction","target":{"@type":"EntryPoint","urlTemplate":"https:\/\/jfsaravia.com\/?s={search_term_string}"},"query-input":{"@type":"PropertyValueSpecification","valueRequired":true,"valueName":"search_term_string"}}],"inLanguage":"en-US"},{"@type":"Organization","@id":"https:\/\/jfsaravia.com\/#organization","name":"J. F. Saravia & Co. S.A.","url":"https:\/\/jfsaravia.com\/","logo":{"@type":"ImageObject","inLanguage":"en-US","@id":"https:\/\/jfsaravia.com\/#\/schema\/logo\/image\/","url":"https:\/\/jfsaravia.com\/wp-content\/uploads\/2025\/01\/JFSARAVIA-logo-mini-SVG.svg","contentUrl":"https:\/\/jfsaravia.com\/wp-content\/uploads\/2025\/01\/JFSARAVIA-logo-mini-SVG.svg","width":1000,"height":1000,"caption":"J. F. Saravia & Co. S.A."},"image":{"@id":"https:\/\/jfsaravia.com\/#\/schema\/logo\/image\/"}}]}},"_links":{"self":[{"href":"https:\/\/jfsaravia.com\/en\/wp-json\/wp\/v2\/pages\/548","targetHints":{"allow":["GET"]}}],"collection":[{"href":"https:\/\/jfsaravia.com\/en\/wp-json\/wp\/v2\/pages"}],"about":[{"href":"https:\/\/jfsaravia.com\/en\/wp-json\/wp\/v2\/types\/page"}],"author":[{"embeddable":true,"href":"https:\/\/jfsaravia.com\/en\/wp-json\/wp\/v2\/users\/1"}],"replies":[{"embeddable":true,"href":"https:\/\/jfsaravia.com\/en\/wp-json\/wp\/v2\/comments?post=548"}],"version-history":[{"count":58,"href":"https:\/\/jfsaravia.com\/en\/wp-json\/wp\/v2\/pages\/548\/revisions"}],"predecessor-version":[{"id":1026,"href":"https:\/\/jfsaravia.com\/en\/wp-json\/wp\/v2\/pages\/548\/revisions\/1026"}],"wp:attachment":[{"href":"https:\/\/jfsaravia.com\/en\/wp-json\/wp\/v2\/media?parent=548"}],"curies":[{"name":"wp","href":"https:\/\/api.w.org\/{rel}","templated":true}]}}