{"id":576,"date":"2025-01-24T22:22:27","date_gmt":"2025-01-24T22:22:27","guid":{"rendered":"https:\/\/jfsaravia.com\/?page_id=576"},"modified":"2025-02-12T01:31:29","modified_gmt":"2025-02-12T01:31:29","slug":"empaques","status":"publish","type":"page","link":"https:\/\/jfsaravia.com\/en\/productos\/empaques\/","title":{"rendered":"Packaging"},"content":{"rendered":"<div data-elementor-type=\"wp-page\" data-elementor-id=\"576\" class=\"elementor elementor-576\" data-elementor-post-type=\"page\">\n\t\t\t\t<div class=\"elementor-element elementor-element-6d55de8 e-flex e-con-boxed e-con e-parent\" data-id=\"6d55de8\" data-element_type=\"container\" data-e-type=\"container\" data-settings=\"{&quot;background_background&quot;:&quot;classic&quot;}\">\n\t\t\t\t\t<div class=\"e-con-inner\">\n\t\t\t\t<div class=\"elementor-element elementor-element-d03490b elementor-widget elementor-widget-heading\" data-id=\"d03490b\" data-element_type=\"widget\" data-e-type=\"widget\" data-widget_type=\"heading.default\">\n\t\t\t\t<div class=\"elementor-widget-container\">\n\t\t\t\t\t<h2 class=\"elementor-heading-title elementor-size-default\">Packaging<\/h2>\t\t\t\t<\/div>\n\t\t\t\t<\/div>\n\t\t\t\t\t<\/div>\n\t\t\t\t<\/div>\n\t\t<div class=\"elementor-element elementor-element-1f73f57 e-flex e-con-boxed e-con e-parent\" data-id=\"1f73f57\" data-element_type=\"container\" data-e-type=\"container\">\n\t\t\t\t\t<div class=\"e-con-inner\">\n\t\t\t\t<div class=\"elementor-element elementor-element-5508dcb elementor-widget elementor-widget-text-editor\" data-id=\"5508dcb\" data-element_type=\"widget\" data-e-type=\"widget\" data-widget_type=\"text-editor.default\">\n\t\t\t\t<div class=\"elementor-widget-container\">\n\t\t\t\t\t\t\t\t\t<ul><li><p><span lang=\"ES-MX\">Dosing valves for hand creams, liquid soap. <img decoding=\"async\" class=\"alignnone size-full wp-image-1153\" src=\"https:\/\/jfsaravia.com\/wp-content\/uploads\/2025\/02\/VALVULA.svg\" alt=\"\" width=\"100\" height=\"100\" \/> <\/span><\/p><\/li><li><p><span style=\"font-style: inherit; font-weight: inherit; text-align: var(--text-align); background-color: var(--ast-global-color-5); color: var(--ast-global-color-3);\">Collapsible tubes for <br \/>creams, fixatives, etc. <img decoding=\"async\" class=\"wp-image-1152 alignnone\" src=\"https:\/\/jfsaravia.com\/wp-content\/uploads\/2025\/02\/TUBO-COLAPSIBLE.svg\" alt=\"\" width=\"61\" height=\"61\" \/><\/span><\/p><\/li><li><p><span style=\"font-style: inherit; font-weight: inherit; text-align: var(--text-align); background-color: var(--ast-global-color-5); color: var(--ast-global-color-3);\">Sprayers for hairspray <img decoding=\"async\" class=\"alignnone wp-image-1149\" src=\"https:\/\/jfsaravia.com\/wp-content\/uploads\/2025\/02\/HAIRSPRAY.svg\" alt=\"\" width=\"71\" height=\"71\" \/><\/span><\/p><\/li><li><p><span style=\"font-style: inherit; font-weight: inherit; text-align: var(--text-align); background-color: var(--ast-global-color-5); color: var(--ast-global-color-3);\">Creamers <img loading=\"lazy\" decoding=\"async\" class=\"alignnone wp-image-1147\" src=\"https:\/\/jfsaravia.com\/wp-content\/uploads\/2025\/02\/CREMERA.svg\" alt=\"\" width=\"63\" height=\"63\" \/><\/span><\/p><\/li><li><p><span style=\"font-style: inherit; font-weight: inherit; text-align: var(--text-align); background-color: var(--ast-global-color-5); color: var(--ast-global-color-3);\">Airless pumps <img loading=\"lazy\" decoding=\"async\" class=\"wp-image-1145 alignnone\" src=\"https:\/\/jfsaravia.com\/wp-content\/uploads\/2025\/02\/AIRLESS.svg\" alt=\"\" width=\"66\" height=\"66\" \/><\/span><\/p><\/li><li><p><span style=\"font-style: inherit; font-weight: inherit; text-align: var(--text-align); background-color: var(--ast-global-color-5); color: var(--ast-global-color-3);\">Containers, lids and brushes <br \/>for nail polish<img loading=\"lazy\" decoding=\"async\" class=\"wp-image-1148 alignnone\" src=\"https:\/\/jfsaravia.com\/wp-content\/uploads\/2025\/02\/ESMALTE.svg\" alt=\"\" width=\"91\" height=\"91\" \/> <\/span><\/p><\/li><li><p><span style=\"font-style: inherit; font-weight: inherit; text-align: var(--text-align); background-color: var(--ast-global-color-5); color: var(--ast-global-color-3);\">Trigger sprayers for glass cleaners, as well as personal care <img loading=\"lazy\" decoding=\"async\" class=\"alignnone size-full wp-image-1151\" src=\"https:\/\/jfsaravia.com\/wp-content\/uploads\/2025\/02\/TRIGGER.svg\" alt=\"\" width=\"100\" height=\"100\" \/><\/span><\/p><\/li><li><p><span style=\"font-style: inherit; font-weight: inherit; text-align: var(--text-align); background-color: var(--ast-global-color-5); color: var(--ast-global-color-3);\">Valves for facial treatment\u00a0<\/span><\/p><\/li><li><p>100% biodegradable straws for juices packaged in the Tetra system <img loading=\"lazy\" decoding=\"async\" class=\"alignnone wp-image-1150\" src=\"https:\/\/jfsaravia.com\/wp-content\/uploads\/2025\/02\/PAJILLA.svg\" alt=\"\" width=\"69\" height=\"69\" \/><\/p><\/li><li><p><span lang=\"ES-MX\">Draining cloth for the cheese industry <\/span><\/p><\/li><\/ul>\t\t\t\t\t\t\t\t<\/div>\n\t\t\t\t<\/div>\n\t\t\t\t\t<\/div>\n\t\t\t\t<\/div>\n\t\t<div class=\"elementor-element elementor-element-39e213d e-flex e-con-boxed e-con e-parent\" data-id=\"39e213d\" data-element_type=\"container\" data-e-type=\"container\" data-settings=\"{&quot;background_background&quot;:&quot;classic&quot;}\">\n\t\t\t\t\t<div class=\"e-con-inner\">\n\t\t<div class=\"elementor-element elementor-element-ee6c648 e-con-full e-flex e-con e-child\" data-id=\"ee6c648\" data-element_type=\"container\" data-e-type=\"container\">\n\t\t\t\t<div class=\"elementor-element elementor-element-0071ada elementor-widget elementor-widget-text-editor\" data-id=\"0071ada\" data-element_type=\"widget\" data-e-type=\"widget\" data-widget_type=\"text-editor.default\">\n\t\t\t\t<div class=\"elementor-widget-container\">\n\t\t\t\t\t\t\t\t\t<p>Didn't find what you're looking for?<\/p>\t\t\t\t\t\t\t\t<\/div>\n\t\t\t\t<\/div>\n\t\t\t\t<div class=\"elementor-element elementor-element-bbc59ea elementor-widget elementor-widget-text-editor\" data-id=\"bbc59ea\" data-element_type=\"widget\" data-e-type=\"widget\" data-widget_type=\"text-editor.default\">\n\t\t\t\t<div class=\"elementor-widget-container\">\n\t\t\t\t\t\t\t\t\t<p>This is just a small selection of everything that our suppliers offer. For more information about a specific product <b><a href=\"https:\/\/jfsaravia.com\/en\/contact\/\">contact us.<\/a><\/b><\/p>\t\t\t\t\t\t\t\t<\/div>\n\t\t\t\t<\/div>\n\t\t\t\t<\/div>\n\t\t<div class=\"elementor-element elementor-element-fb4b708 e-flex e-con-boxed e-con e-child\" data-id=\"fb4b708\" data-element_type=\"container\" data-e-type=\"container\">\n\t\t\t\t\t<div class=\"e-con-inner\">\n\t\t\t\t<div class=\"elementor-element elementor-element-67c98a4 elementor-cta--skin-classic elementor-animated-content elementor-bg-transform elementor-bg-transform-zoom-in elementor-widget elementor-widget-call-to-action\" data-id=\"67c98a4\" data-element_type=\"widget\" data-e-type=\"widget\" data-widget_type=\"call-to-action.default\">\n\t\t\t\t<div class=\"elementor-widget-container\">\n\t\t\t\t\t\t\t<a class=\"elementor-cta\" href=\"https:\/\/jfsaravia.com\/en\/contact\/\">\n\t\t\t\t\t<div class=\"elementor-cta__bg-wrapper\">\n\t\t\t\t<div class=\"elementor-cta__bg elementor-bg\" style=\"background-image: url(https:\/\/jfsaravia.com\/wp-content\/uploads\/2025\/01\/maquetas-envases-cosmeticos-blan-gigapixelblablabla-low-resolution-v2-6x-1536x1035.png);\" role=\"img\" aria-label=\"maquetas-envases-cosmeticos-blan-gigapixelblablabla-low resolution v2-6x\"><\/div>\n\t\t\t\t<div class=\"elementor-cta__bg-overlay\"><\/div>\n\t\t\t<\/div>\n\t\t\t\t\t\t\t<div class=\"elementor-cta__content\">\n\t\t\t\t\n\t\t\t\t\n\t\t\t\t\t\t\t\t\t<div class=\"elementor-cta__description elementor-cta__content-item elementor-content-item\">\n\t\t\t\t\t\tWe want to work with you\t\t\t\t\t<\/div>\n\t\t\t\t\n\t\t\t\t\t\t\t\t\t<div class=\"elementor-cta__button-wrapper elementor-cta__content-item elementor-content-item\">\n\t\t\t\t\t<span class=\"elementor-cta__button elementor-button elementor-size-\">\n\t\t\t\t\t\tContact Us\t\t\t\t\t<\/span>\n\t\t\t\t\t<\/div>\n\t\t\t\t\t\t\t<\/div>\n\t\t\t\t\t\t<\/a>\n\t\t\t\t\t\t<\/div>\n\t\t\t\t<\/div>\n\t\t\t\t\t<\/div>\n\t\t\t\t<\/div>\n\t\t\t\t\t<\/div>\n\t\t\t\t<\/div>\n\t\t\t\t<\/div>","protected":false},"excerpt":{"rendered":"<p>Empaques V\u00e1lvulas dosificadoras para cremas de manos, jab\u00f3n l\u00edquido. Tubos colapsibles para cremas, fijadores, etc. Sprayers para fijadores del cabello [&hellip;]<\/p>","protected":false},"author":1,"featured_media":0,"parent":548,"menu_order":0,"comment_status":"closed","ping_status":"closed","template":"","meta":{"site-sidebar-layout":"no-sidebar","site-content-layout":"","ast-site-content-layout":"full-width-container","site-content-style":"default","site-sidebar-style":"default","ast-global-header-display":"","ast-banner-title-visibility":"","ast-main-header-display":"","ast-hfb-above-header-display":"","ast-hfb-below-header-display":"","ast-hfb-mobile-header-display":"","site-post-title":"disabled","ast-breadcrumbs-content":"","ast-featured-img":"disabled","footer-sml-layout":"","ast-disable-related-posts":"","theme-transparent-header-meta":"","adv-header-id-meta":"","stick-header-meta":"","header-above-stick-meta":"","header-main-stick-meta":"","header-below-stick-meta":"","astra-migrate-meta-layouts":"default","ast-page-background-enabled":"default","ast-page-background-meta":{"desktop":{"background-color":"var(--ast-global-color-4)","background-image":"","background-repeat":"repeat","background-position":"center center","background-size":"auto","background-attachment":"scroll","background-type":"","background-media":"","overlay-type":"","overlay-color":"","overlay-opacity":"","overlay-gradient":""},"tablet":{"background-color":"","background-image":"","background-repeat":"repeat","background-position":"center center","background-size":"auto","background-attachment":"scroll","background-type":"","background-media":"","overlay-type":"","overlay-color":"","overlay-opacity":"","overlay-gradient":""},"mobile":{"background-color":"","background-image":"","background-repeat":"repeat","background-position":"center center","background-size":"auto","background-attachment":"scroll","background-type":"","background-media":"","overlay-type":"","overlay-color":"","overlay-opacity":"","overlay-gradient":""}},"ast-content-background-meta":{"desktop":{"background-color":"var(--ast-global-color-5)","background-image":"","background-repeat":"repeat","background-position":"center center","background-size":"auto","background-attachment":"scroll","background-type":"","background-media":"","overlay-type":"","overlay-color":"","overlay-opacity":"","overlay-gradient":""},"tablet":{"background-color":"var(--ast-global-color-5)","background-image":"","background-repeat":"repeat","background-position":"center center","background-size":"auto","background-attachment":"scroll","background-type":"","background-media":"","overlay-type":"","overlay-color":"","overlay-opacity":"","overlay-gradient":""},"mobile":{"background-color":"var(--ast-global-color-5)","background-image":"","background-repeat":"repeat","background-position":"center center","background-size":"auto","background-attachment":"scroll","background-type":"","background-media":"","overlay-type":"","overlay-color":"","overlay-opacity":"","overlay-gradient":""}},"footnotes":""},"class_list":["post-576","page","type-page","status-publish","hentry"],"yoast_head":"<!-- This site is optimized with the Yoast SEO plugin v24.4 - https:\/\/yoast.com\/wordpress\/plugins\/seo\/ -->\n<title>Empaques - Representaciones J. F. Saravia &amp; Co.<\/title>\n<meta name=\"robots\" content=\"index, follow, max-snippet:-1, max-image-preview:large, max-video-preview:-1\" \/>\n<link rel=\"canonical\" href=\"https:\/\/jfsaravia.com\/en\/productos\/empaques\/\" \/>\n<meta property=\"og:locale\" content=\"en_US\" \/>\n<meta property=\"og:type\" content=\"article\" \/>\n<meta property=\"og:title\" content=\"Empaques - Representaciones J. F. Saravia &amp; Co.\" \/>\n<meta property=\"og:description\" content=\"Empaques V\u00e1lvulas dosificadoras para cremas de manos, jab\u00f3n l\u00edquido. Tubos colapsibles para cremas, fijadores, etc. Sprayers para fijadores del cabello [&hellip;]\" \/>\n<meta property=\"og:url\" content=\"https:\/\/jfsaravia.com\/en\/productos\/empaques\/\" \/>\n<meta property=\"og:site_name\" content=\"Representaciones J. F. Saravia &amp; Co.\" \/>\n<meta property=\"article:modified_time\" content=\"2025-02-12T01:31:29+00:00\" \/>\n<meta name=\"twitter:card\" content=\"summary_large_image\" \/>\n<meta name=\"twitter:label1\" content=\"Est. reading time\" \/>\n\t<meta name=\"twitter:data1\" content=\"3 minutes\" \/>\n<script type=\"application\/ld+json\" class=\"yoast-schema-graph\">{\"@context\":\"https:\/\/schema.org\",\"@graph\":[{\"@type\":\"WebPage\",\"@id\":\"https:\/\/jfsaravia.com\/productos\/empaques\/\",\"url\":\"https:\/\/jfsaravia.com\/productos\/empaques\/\",\"name\":\"Empaques - Representaciones J. F. Saravia &amp; Co.\",\"isPartOf\":{\"@id\":\"https:\/\/jfsaravia.com\/#website\"},\"primaryImageOfPage\":{\"@id\":\"https:\/\/jfsaravia.com\/productos\/empaques\/#primaryimage\"},\"image\":{\"@id\":\"https:\/\/jfsaravia.com\/productos\/empaques\/#primaryimage\"},\"thumbnailUrl\":\"https:\/\/jfsaravia.com\/wp-content\/uploads\/2025\/02\/VALVULA.svg\",\"datePublished\":\"2025-01-24T22:22:27+00:00\",\"dateModified\":\"2025-02-12T01:31:29+00:00\",\"breadcrumb\":{\"@id\":\"https:\/\/jfsaravia.com\/productos\/empaques\/#breadcrumb\"},\"inLanguage\":\"en-US\",\"potentialAction\":[{\"@type\":\"ReadAction\",\"target\":[\"https:\/\/jfsaravia.com\/productos\/empaques\/\"]}]},{\"@type\":\"ImageObject\",\"inLanguage\":\"en-US\",\"@id\":\"https:\/\/jfsaravia.com\/productos\/empaques\/#primaryimage\",\"url\":\"https:\/\/jfsaravia.com\/wp-content\/uploads\/2025\/02\/VALVULA.svg\",\"contentUrl\":\"https:\/\/jfsaravia.com\/wp-content\/uploads\/2025\/02\/VALVULA.svg\"},{\"@type\":\"BreadcrumbList\",\"@id\":\"https:\/\/jfsaravia.com\/productos\/empaques\/#breadcrumb\",\"itemListElement\":[{\"@type\":\"ListItem\",\"position\":1,\"name\":\"Home\",\"item\":\"https:\/\/jfsaravia.com\/\"},{\"@type\":\"ListItem\",\"position\":2,\"name\":\"Productos\",\"item\":\"https:\/\/jfsaravia.com\/productos\/\"},{\"@type\":\"ListItem\",\"position\":3,\"name\":\"Empaques\"}]},{\"@type\":\"WebSite\",\"@id\":\"https:\/\/jfsaravia.com\/#website\",\"url\":\"https:\/\/jfsaravia.com\/\",\"name\":\"Representaciones J. F. Saravia & Co.\",\"description\":\"Desde 1952.\",\"publisher\":{\"@id\":\"https:\/\/jfsaravia.com\/#organization\"},\"potentialAction\":[{\"@type\":\"SearchAction\",\"target\":{\"@type\":\"EntryPoint\",\"urlTemplate\":\"https:\/\/jfsaravia.com\/?s={search_term_string}\"},\"query-input\":{\"@type\":\"PropertyValueSpecification\",\"valueRequired\":true,\"valueName\":\"search_term_string\"}}],\"inLanguage\":\"en-US\"},{\"@type\":\"Organization\",\"@id\":\"https:\/\/jfsaravia.com\/#organization\",\"name\":\"J. F. Saravia & Co. S.A.\",\"url\":\"https:\/\/jfsaravia.com\/\",\"logo\":{\"@type\":\"ImageObject\",\"inLanguage\":\"en-US\",\"@id\":\"https:\/\/jfsaravia.com\/#\/schema\/logo\/image\/\",\"url\":\"https:\/\/jfsaravia.com\/wp-content\/uploads\/2025\/01\/JFSARAVIA-logo-mini-SVG.svg\",\"contentUrl\":\"https:\/\/jfsaravia.com\/wp-content\/uploads\/2025\/01\/JFSARAVIA-logo-mini-SVG.svg\",\"width\":1000,\"height\":1000,\"caption\":\"J. F. Saravia & Co. S.A.\"},\"image\":{\"@id\":\"https:\/\/jfsaravia.com\/#\/schema\/logo\/image\/\"}}]}<\/script>\n<!-- \/ Yoast SEO plugin. -->","yoast_head_json":{"title":"Empaques - Representaciones J. F. Saravia &amp; Co.","robots":{"index":"index","follow":"follow","max-snippet":"max-snippet:-1","max-image-preview":"max-image-preview:large","max-video-preview":"max-video-preview:-1"},"canonical":"https:\/\/jfsaravia.com\/en\/productos\/empaques\/","og_locale":"en_US","og_type":"article","og_title":"Empaques - Representaciones J. F. Saravia &amp; Co.","og_description":"Empaques V\u00e1lvulas dosificadoras para cremas de manos, jab\u00f3n l\u00edquido. Tubos colapsibles para cremas, fijadores, etc. Sprayers para fijadores del cabello [&hellip;]","og_url":"https:\/\/jfsaravia.com\/en\/productos\/empaques\/","og_site_name":"Representaciones J. F. Saravia &amp; Co.","article_modified_time":"2025-02-12T01:31:29+00:00","twitter_card":"summary_large_image","twitter_misc":{"Est. reading time":"3 minutes"},"schema":{"@context":"https:\/\/schema.org","@graph":[{"@type":"WebPage","@id":"https:\/\/jfsaravia.com\/productos\/empaques\/","url":"https:\/\/jfsaravia.com\/productos\/empaques\/","name":"Empaques - Representaciones J. F. Saravia &amp; Co.","isPartOf":{"@id":"https:\/\/jfsaravia.com\/#website"},"primaryImageOfPage":{"@id":"https:\/\/jfsaravia.com\/productos\/empaques\/#primaryimage"},"image":{"@id":"https:\/\/jfsaravia.com\/productos\/empaques\/#primaryimage"},"thumbnailUrl":"https:\/\/jfsaravia.com\/wp-content\/uploads\/2025\/02\/VALVULA.svg","datePublished":"2025-01-24T22:22:27+00:00","dateModified":"2025-02-12T01:31:29+00:00","breadcrumb":{"@id":"https:\/\/jfsaravia.com\/productos\/empaques\/#breadcrumb"},"inLanguage":"en-US","potentialAction":[{"@type":"ReadAction","target":["https:\/\/jfsaravia.com\/productos\/empaques\/"]}]},{"@type":"ImageObject","inLanguage":"en-US","@id":"https:\/\/jfsaravia.com\/productos\/empaques\/#primaryimage","url":"https:\/\/jfsaravia.com\/wp-content\/uploads\/2025\/02\/VALVULA.svg","contentUrl":"https:\/\/jfsaravia.com\/wp-content\/uploads\/2025\/02\/VALVULA.svg"},{"@type":"BreadcrumbList","@id":"https:\/\/jfsaravia.com\/productos\/empaques\/#breadcrumb","itemListElement":[{"@type":"ListItem","position":1,"name":"Home","item":"https:\/\/jfsaravia.com\/"},{"@type":"ListItem","position":2,"name":"Productos","item":"https:\/\/jfsaravia.com\/productos\/"},{"@type":"ListItem","position":3,"name":"Empaques"}]},{"@type":"WebSite","@id":"https:\/\/jfsaravia.com\/#website","url":"https:\/\/jfsaravia.com\/","name":"Representaciones J. F. Saravia & Co.","description":"Since 1952.","publisher":{"@id":"https:\/\/jfsaravia.com\/#organization"},"potentialAction":[{"@type":"SearchAction","target":{"@type":"EntryPoint","urlTemplate":"https:\/\/jfsaravia.com\/?s={search_term_string}"},"query-input":{"@type":"PropertyValueSpecification","valueRequired":true,"valueName":"search_term_string"}}],"inLanguage":"en-US"},{"@type":"Organization","@id":"https:\/\/jfsaravia.com\/#organization","name":"J. F. Saravia & Co. S.A.","url":"https:\/\/jfsaravia.com\/","logo":{"@type":"ImageObject","inLanguage":"en-US","@id":"https:\/\/jfsaravia.com\/#\/schema\/logo\/image\/","url":"https:\/\/jfsaravia.com\/wp-content\/uploads\/2025\/01\/JFSARAVIA-logo-mini-SVG.svg","contentUrl":"https:\/\/jfsaravia.com\/wp-content\/uploads\/2025\/01\/JFSARAVIA-logo-mini-SVG.svg","width":1000,"height":1000,"caption":"J. F. Saravia & Co. S.A."},"image":{"@id":"https:\/\/jfsaravia.com\/#\/schema\/logo\/image\/"}}]}},"_links":{"self":[{"href":"https:\/\/jfsaravia.com\/en\/wp-json\/wp\/v2\/pages\/576","targetHints":{"allow":["GET"]}}],"collection":[{"href":"https:\/\/jfsaravia.com\/en\/wp-json\/wp\/v2\/pages"}],"about":[{"href":"https:\/\/jfsaravia.com\/en\/wp-json\/wp\/v2\/types\/page"}],"author":[{"embeddable":true,"href":"https:\/\/jfsaravia.com\/en\/wp-json\/wp\/v2\/users\/1"}],"replies":[{"embeddable":true,"href":"https:\/\/jfsaravia.com\/en\/wp-json\/wp\/v2\/comments?post=576"}],"version-history":[{"count":49,"href":"https:\/\/jfsaravia.com\/en\/wp-json\/wp\/v2\/pages\/576\/revisions"}],"predecessor-version":[{"id":1165,"href":"https:\/\/jfsaravia.com\/en\/wp-json\/wp\/v2\/pages\/576\/revisions\/1165"}],"up":[{"embeddable":true,"href":"https:\/\/jfsaravia.com\/en\/wp-json\/wp\/v2\/pages\/548"}],"wp:attachment":[{"href":"https:\/\/jfsaravia.com\/en\/wp-json\/wp\/v2\/media?parent=576"}],"curies":[{"name":"wp","href":"https:\/\/api.w.org\/{rel}","templated":true}]}}